{"id":367,"date":"2022-05-10T17:12:10","date_gmt":"2022-05-10T15:12:10","guid":{"rendered":"https:\/\/www.fabashiri.com\/shop\/?post_type=product&#038;p=367"},"modified":"2022-05-10T17:13:06","modified_gmt":"2022-05-10T15:13:06","slug":"turkischer-teppich-td736-00-200x140cm","status":"publish","type":"product","link":"https:\/\/www.fabashiri.com\/shop\/product\/turkischer-teppich-td736-00-200x140cm\/","title":{"rendered":"T\u00fcrkischer Teppich TD736-00 200x140cm"},"content":{"rendered":"<p>maschinen gekn\u00fcpfter Teppich, Herkunftsland T\u00fcrkei, 200x140cm<\/p>\n","protected":false},"excerpt":{"rendered":"<p>maschinen gekn\u00fcpfter Teppich, Herkunftsland T\u00fcrkei, Gr\u00f6\u00dfe 200x140cm<\/p>\n","protected":false},"featured_media":365,"template":"","meta":{"site-sidebar-layout":"default","site-content-layout":"default","ast-site-content-layout":"default","site-content-style":"default","site-sidebar-style":"default","ast-global-header-display":"","ast-banner-title-visibility":"","ast-main-header-display":"","ast-hfb-above-header-display":"","ast-hfb-below-header-display":"","ast-hfb-mobile-header-display":"","site-post-title":"","ast-breadcrumbs-content":"","ast-featured-img":"","footer-sml-layout":"","ast-disable-related-posts":"","theme-transparent-header-meta":"default","adv-header-id-meta":"","stick-header-meta":"","header-above-stick-meta":"","header-main-stick-meta":"","header-below-stick-meta":"","astra-migrate-meta-layouts":"default","ast-page-background-enabled":"default","ast-page-background-meta":{"desktop":{"background-color":"var(--ast-global-color-4)","background-image":"","background-repeat":"repeat","background-position":"center center","background-size":"auto","background-attachment":"scroll","background-type":"","background-media":"","overlay-type":"","overlay-color":"","overlay-opacity":"","overlay-gradient":""},"tablet":{"background-color":"","background-image":"","background-repeat":"repeat","background-position":"center center","background-size":"auto","background-attachment":"scroll","background-type":"","background-media":"","overlay-type":"","overlay-color":"","overlay-opacity":"","overlay-gradient":""},"mobile":{"background-color":"","background-image":"","background-repeat":"repeat","background-position":"center center","background-size":"auto","background-attachment":"scroll","background-type":"","background-media":"","overlay-type":"","overlay-color":"","overlay-opacity":"","overlay-gradient":""}},"ast-content-background-meta":{"desktop":{"background-color":"var(--ast-global-color-5)","background-image":"","background-repeat":"repeat","background-position":"center center","background-size":"auto","background-attachment":"scroll","background-type":"","background-media":"","overlay-type":"","overlay-color":"","overlay-opacity":"","overlay-gradient":""},"tablet":{"background-color":"var(--ast-global-color-5)","background-image":"","background-repeat":"repeat","background-position":"center center","background-size":"auto","background-attachment":"scroll","background-type":"","background-media":"","overlay-type":"","overlay-color":"","overlay-opacity":"","overlay-gradient":""},"mobile":{"background-color":"var(--ast-global-color-5)","background-image":"","background-repeat":"repeat","background-position":"center center","background-size":"auto","background-attachment":"scroll","background-type":"","background-media":"","overlay-type":"","overlay-color":"","overlay-opacity":"","overlay-gradient":""}}},"product_brand":[],"product_cat":[32],"product_tag":[52],"class_list":{"0":"post-367","1":"product","2":"type-product","3":"status-publish","4":"has-post-thumbnail","6":"product_cat-maschinen-geknupft","7":"product_tag-200x140cm","8":"desktop-align-left","9":"tablet-align-left","10":"mobile-align-left","12":"first","13":"instock","14":"shipping-taxable","15":"purchasable","16":"product-type-simple"},"yoast_head":"<!-- This site is optimized with the Yoast SEO plugin v27.4 - https:\/\/yoast.com\/product\/yoast-seo-wordpress\/ -->\n<title>T\u00fcrkischer Teppich TD736-00 200x140cm - FaBashiri Online shop<\/title>\n<meta name=\"description\" content=\"maschinen gekn\u00fcpfter Teppich, Herkunftsland T\u00fcrkei, Gr\u00f6\u00dfe 200x140cm\" \/>\n<meta name=\"robots\" content=\"noindex, follow, max-snippet:-1, max-image-preview:large, max-video-preview:-1\" \/>\n<meta property=\"og:locale\" content=\"en_US\" \/>\n<meta property=\"og:type\" content=\"article\" \/>\n<meta property=\"og:title\" content=\"T\u00fcrkischer Teppich TD736-00 200x140cm - FaBashiri Online shop\" \/>\n<meta property=\"og:description\" content=\"maschinen gekn\u00fcpfter Teppich, Herkunftsland T\u00fcrkei, Gr\u00f6\u00dfe 200x140cm\" \/>\n<meta property=\"og:url\" content=\"https:\/\/www.fabashiri.com\/shop\/product\/turkischer-teppich-td736-00-200x140cm\/\" \/>\n<meta property=\"og:site_name\" content=\"FaBashiri Online shop\" \/>\n<meta property=\"article:publisher\" content=\"https:\/\/www.facebook.com\/fabashirigmbh\" \/>\n<meta property=\"article:modified_time\" content=\"2022-05-10T15:13:06+00:00\" \/>\n<meta property=\"og:image\" content=\"https:\/\/www.fabashiri.com\/shop\/wp-content\/uploads\/sites\/2\/2022\/05\/TD736-00.jpg\" \/>\n\t<meta property=\"og:image:width\" content=\"573\" \/>\n\t<meta property=\"og:image:height\" content=\"795\" \/>\n\t<meta property=\"og:image:type\" content=\"image\/jpeg\" \/>\n<meta name=\"twitter:card\" content=\"summary_large_image\" \/>\n<script type=\"application\/ld+json\" class=\"yoast-schema-graph\">{\"@context\":\"https:\\\/\\\/schema.org\",\"@graph\":[{\"@type\":\"WebPage\",\"@id\":\"https:\\\/\\\/www.fabashiri.com\\\/shop\\\/product\\\/turkischer-teppich-td736-00-200x140cm\\\/\",\"url\":\"https:\\\/\\\/www.fabashiri.com\\\/shop\\\/product\\\/turkischer-teppich-td736-00-200x140cm\\\/\",\"name\":\"T\u00fcrkischer Teppich TD736-00 200x140cm - FaBashiri Online shop\",\"isPartOf\":{\"@id\":\"https:\\\/\\\/www.fabashiri.com\\\/shop\\\/#website\"},\"primaryImageOfPage\":{\"@id\":\"https:\\\/\\\/www.fabashiri.com\\\/shop\\\/product\\\/turkischer-teppich-td736-00-200x140cm\\\/#primaryimage\"},\"image\":{\"@id\":\"https:\\\/\\\/www.fabashiri.com\\\/shop\\\/product\\\/turkischer-teppich-td736-00-200x140cm\\\/#primaryimage\"},\"thumbnailUrl\":\"https:\\\/\\\/www.fabashiri.com\\\/shop\\\/wp-content\\\/uploads\\\/sites\\\/2\\\/2022\\\/05\\\/TD736-00.jpg\",\"datePublished\":\"2022-05-10T15:12:10+00:00\",\"dateModified\":\"2022-05-10T15:13:06+00:00\",\"description\":\"maschinen gekn\u00fcpfter Teppich, Herkunftsland T\u00fcrkei, Gr\u00f6\u00dfe 200x140cm\",\"breadcrumb\":{\"@id\":\"https:\\\/\\\/www.fabashiri.com\\\/shop\\\/product\\\/turkischer-teppich-td736-00-200x140cm\\\/#breadcrumb\"},\"inLanguage\":\"en-US\",\"potentialAction\":[{\"@type\":\"ReadAction\",\"target\":[\"https:\\\/\\\/www.fabashiri.com\\\/shop\\\/product\\\/turkischer-teppich-td736-00-200x140cm\\\/\"]}]},{\"@type\":\"ImageObject\",\"inLanguage\":\"en-US\",\"@id\":\"https:\\\/\\\/www.fabashiri.com\\\/shop\\\/product\\\/turkischer-teppich-td736-00-200x140cm\\\/#primaryimage\",\"url\":\"https:\\\/\\\/www.fabashiri.com\\\/shop\\\/wp-content\\\/uploads\\\/sites\\\/2\\\/2022\\\/05\\\/TD736-00.jpg\",\"contentUrl\":\"https:\\\/\\\/www.fabashiri.com\\\/shop\\\/wp-content\\\/uploads\\\/sites\\\/2\\\/2022\\\/05\\\/TD736-00.jpg\",\"width\":573,\"height\":795},{\"@type\":\"BreadcrumbList\",\"@id\":\"https:\\\/\\\/www.fabashiri.com\\\/shop\\\/product\\\/turkischer-teppich-td736-00-200x140cm\\\/#breadcrumb\",\"itemListElement\":[{\"@type\":\"ListItem\",\"position\":1,\"name\":\"Home\",\"item\":\"https:\\\/\\\/www.fabashiri.com\\\/shop\\\/\"},{\"@type\":\"ListItem\",\"position\":2,\"name\":\"Shop\",\"item\":\"https:\\\/\\\/www.fabashiri.com\\\/shop\\\/\"},{\"@type\":\"ListItem\",\"position\":3,\"name\":\"T\u00fcrkischer Teppich TD736-00 200x140cm\"}]},{\"@type\":\"WebSite\",\"@id\":\"https:\\\/\\\/www.fabashiri.com\\\/shop\\\/#website\",\"url\":\"https:\\\/\\\/www.fabashiri.com\\\/shop\\\/\",\"name\":\"FaBashiri Online shop\",\"description\":\"\",\"publisher\":{\"@id\":\"https:\\\/\\\/www.fabashiri.com\\\/shop\\\/#organization\"},\"potentialAction\":[{\"@type\":\"SearchAction\",\"target\":{\"@type\":\"EntryPoint\",\"urlTemplate\":\"https:\\\/\\\/www.fabashiri.com\\\/shop\\\/?s={search_term_string}\"},\"query-input\":{\"@type\":\"PropertyValueSpecification\",\"valueRequired\":true,\"valueName\":\"search_term_string\"}}],\"inLanguage\":\"en-US\"},{\"@type\":\"Organization\",\"@id\":\"https:\\\/\\\/www.fabashiri.com\\\/shop\\\/#organization\",\"name\":\"FaBashiri GmbH\",\"url\":\"https:\\\/\\\/www.fabashiri.com\\\/shop\\\/\",\"logo\":{\"@type\":\"ImageObject\",\"inLanguage\":\"en-US\",\"@id\":\"https:\\\/\\\/www.fabashiri.com\\\/shop\\\/#\\\/schema\\\/logo\\\/image\\\/\",\"url\":\"https:\\\/\\\/www.fabashiri.com\\\/shop\\\/wp-content\\\/uploads\\\/sites\\\/2\\\/2021\\\/09\\\/fb-logo.jpg\",\"contentUrl\":\"https:\\\/\\\/www.fabashiri.com\\\/shop\\\/wp-content\\\/uploads\\\/sites\\\/2\\\/2021\\\/09\\\/fb-logo.jpg\",\"width\":1000,\"height\":1000,\"caption\":\"FaBashiri GmbH\"},\"image\":{\"@id\":\"https:\\\/\\\/www.fabashiri.com\\\/shop\\\/#\\\/schema\\\/logo\\\/image\\\/\"},\"sameAs\":[\"https:\\\/\\\/www.facebook.com\\\/fabashirigmbh\"]}]}<\/script>\n<!-- \/ Yoast SEO plugin. -->","yoast_head_json":{"title":"T\u00fcrkischer Teppich TD736-00 200x140cm - FaBashiri Online shop","description":"maschinen gekn\u00fcpfter Teppich, Herkunftsland T\u00fcrkei, Gr\u00f6\u00dfe 200x140cm","robots":{"index":"noindex","follow":"follow","max-snippet":"max-snippet:-1","max-image-preview":"max-image-preview:large","max-video-preview":"max-video-preview:-1"},"og_locale":"en_US","og_type":"article","og_title":"T\u00fcrkischer Teppich TD736-00 200x140cm - FaBashiri Online shop","og_description":"maschinen gekn\u00fcpfter Teppich, Herkunftsland T\u00fcrkei, Gr\u00f6\u00dfe 200x140cm","og_url":"https:\/\/www.fabashiri.com\/shop\/product\/turkischer-teppich-td736-00-200x140cm\/","og_site_name":"FaBashiri Online shop","article_publisher":"https:\/\/www.facebook.com\/fabashirigmbh","article_modified_time":"2022-05-10T15:13:06+00:00","og_image":[{"width":573,"height":795,"url":"https:\/\/www.fabashiri.com\/shop\/wp-content\/uploads\/sites\/2\/2022\/05\/TD736-00.jpg","type":"image\/jpeg"}],"twitter_card":"summary_large_image","schema":{"@context":"https:\/\/schema.org","@graph":[{"@type":"WebPage","@id":"https:\/\/www.fabashiri.com\/shop\/product\/turkischer-teppich-td736-00-200x140cm\/","url":"https:\/\/www.fabashiri.com\/shop\/product\/turkischer-teppich-td736-00-200x140cm\/","name":"T\u00fcrkischer Teppich TD736-00 200x140cm - FaBashiri Online shop","isPartOf":{"@id":"https:\/\/www.fabashiri.com\/shop\/#website"},"primaryImageOfPage":{"@id":"https:\/\/www.fabashiri.com\/shop\/product\/turkischer-teppich-td736-00-200x140cm\/#primaryimage"},"image":{"@id":"https:\/\/www.fabashiri.com\/shop\/product\/turkischer-teppich-td736-00-200x140cm\/#primaryimage"},"thumbnailUrl":"https:\/\/www.fabashiri.com\/shop\/wp-content\/uploads\/sites\/2\/2022\/05\/TD736-00.jpg","datePublished":"2022-05-10T15:12:10+00:00","dateModified":"2022-05-10T15:13:06+00:00","description":"maschinen gekn\u00fcpfter Teppich, Herkunftsland T\u00fcrkei, Gr\u00f6\u00dfe 200x140cm","breadcrumb":{"@id":"https:\/\/www.fabashiri.com\/shop\/product\/turkischer-teppich-td736-00-200x140cm\/#breadcrumb"},"inLanguage":"en-US","potentialAction":[{"@type":"ReadAction","target":["https:\/\/www.fabashiri.com\/shop\/product\/turkischer-teppich-td736-00-200x140cm\/"]}]},{"@type":"ImageObject","inLanguage":"en-US","@id":"https:\/\/www.fabashiri.com\/shop\/product\/turkischer-teppich-td736-00-200x140cm\/#primaryimage","url":"https:\/\/www.fabashiri.com\/shop\/wp-content\/uploads\/sites\/2\/2022\/05\/TD736-00.jpg","contentUrl":"https:\/\/www.fabashiri.com\/shop\/wp-content\/uploads\/sites\/2\/2022\/05\/TD736-00.jpg","width":573,"height":795},{"@type":"BreadcrumbList","@id":"https:\/\/www.fabashiri.com\/shop\/product\/turkischer-teppich-td736-00-200x140cm\/#breadcrumb","itemListElement":[{"@type":"ListItem","position":1,"name":"Home","item":"https:\/\/www.fabashiri.com\/shop\/"},{"@type":"ListItem","position":2,"name":"Shop","item":"https:\/\/www.fabashiri.com\/shop\/"},{"@type":"ListItem","position":3,"name":"T\u00fcrkischer Teppich TD736-00 200x140cm"}]},{"@type":"WebSite","@id":"https:\/\/www.fabashiri.com\/shop\/#website","url":"https:\/\/www.fabashiri.com\/shop\/","name":"FaBashiri Online shop","description":"","publisher":{"@id":"https:\/\/www.fabashiri.com\/shop\/#organization"},"potentialAction":[{"@type":"SearchAction","target":{"@type":"EntryPoint","urlTemplate":"https:\/\/www.fabashiri.com\/shop\/?s={search_term_string}"},"query-input":{"@type":"PropertyValueSpecification","valueRequired":true,"valueName":"search_term_string"}}],"inLanguage":"en-US"},{"@type":"Organization","@id":"https:\/\/www.fabashiri.com\/shop\/#organization","name":"FaBashiri GmbH","url":"https:\/\/www.fabashiri.com\/shop\/","logo":{"@type":"ImageObject","inLanguage":"en-US","@id":"https:\/\/www.fabashiri.com\/shop\/#\/schema\/logo\/image\/","url":"https:\/\/www.fabashiri.com\/shop\/wp-content\/uploads\/sites\/2\/2021\/09\/fb-logo.jpg","contentUrl":"https:\/\/www.fabashiri.com\/shop\/wp-content\/uploads\/sites\/2\/2021\/09\/fb-logo.jpg","width":1000,"height":1000,"caption":"FaBashiri GmbH"},"image":{"@id":"https:\/\/www.fabashiri.com\/shop\/#\/schema\/logo\/image\/"},"sameAs":["https:\/\/www.facebook.com\/fabashirigmbh"]}]}},"jetpack_sharing_enabled":true,"_links":{"self":[{"href":"https:\/\/www.fabashiri.com\/shop\/wp-json\/wp\/v2\/product\/367","targetHints":{"allow":["GET"]}}],"collection":[{"href":"https:\/\/www.fabashiri.com\/shop\/wp-json\/wp\/v2\/product"}],"about":[{"href":"https:\/\/www.fabashiri.com\/shop\/wp-json\/wp\/v2\/types\/product"}],"wp:featuredmedia":[{"embeddable":true,"href":"https:\/\/www.fabashiri.com\/shop\/wp-json\/wp\/v2\/media\/365"}],"wp:attachment":[{"href":"https:\/\/www.fabashiri.com\/shop\/wp-json\/wp\/v2\/media?parent=367"}],"wp:term":[{"taxonomy":"product_brand","embeddable":true,"href":"https:\/\/www.fabashiri.com\/shop\/wp-json\/wp\/v2\/product_brand?post=367"},{"taxonomy":"product_cat","embeddable":true,"href":"https:\/\/www.fabashiri.com\/shop\/wp-json\/wp\/v2\/product_cat?post=367"},{"taxonomy":"product_tag","embeddable":true,"href":"https:\/\/www.fabashiri.com\/shop\/wp-json\/wp\/v2\/product_tag?post=367"}],"curies":[{"name":"wp","href":"https:\/\/api.w.org\/{rel}","templated":true}]}}